{"id":8348,"date":"2024-01-30T17:06:28","date_gmt":"2024-01-30T20:06:28","guid":{"rendered":"https:\/\/fontedearte.com\/loja\/?post_type=product&#038;p=8348"},"modified":"2026-01-15T07:53:23","modified_gmt":"2026-01-15T10:53:23","slug":"365-desenhos-para-colorir","status":"publish","type":"product","link":"https:\/\/fontedearte.com\/loja\/product\/365-desenhos-para-colorir\/","title":{"rendered":"365 Desenhos Para Colorir Infantil Menina e Menino PDF"},"content":{"rendered":"<h2>365 Desenhos para imprimir PDF e colorir infantil &#8211; menina e menino<\/h2>\n<p><strong>Livro de colorir com 365 p\u00e1ginas<\/strong> em alta resolu\u00e7\u00e3o para voc\u00ea fazer download em PDF e imprimir.<\/p>\n<p><strong>S\u00e3o 365 p\u00e1ginas com desenhos para colorir infantil:<\/strong><\/p>\n<ul>\n<li>50 p\u00e1ginas Animais da fazenda<\/li>\n<li>50 p\u00e1ginas Dinossauros<\/li>\n<li>20 p\u00e1ginas Safari<\/li>\n<li>45 p\u00e1ginas Garfield<\/li>\n<li>50 p\u00e1ginas Mickey e Minnie<\/li>\n<li>25 p\u00e1ginas Rei Le\u00e3o<\/li>\n<li>40 p\u00e1ginas Ursinho Puff<\/li>\n<li>40 p\u00e1ginas Peppa Pig<\/li>\n<li>45 p\u00e1ginas Animais diversos<\/li>\n<li>+15 p\u00e1ginas Animais diversos [Brinde]<\/li>\n<\/ul>\n<h2>Vantagens dos desenhos para colorir infantil e adulto:<\/h2>\n<ul>\n<li>Acesso imediato logo ap\u00f3s a confirma\u00e7\u00e3o do pagamento<\/li>\n<li>Download f\u00e1cil e ilimitado por 12 meses<\/li>\n<li>Imagens em alta resolu\u00e7\u00e3o melhoradas com IA<\/li>\n<li>PDF sem marca d&#8217;\u00e1gua nas imagens<\/li>\n<li>Impress\u00e3o nos formatos A4 ou A5<\/li>\n<li>Pode imprimir para revenda em loja f\u00edsica<\/li>\n<li>Perfeito para professores, pais e amantes da arte<\/li>\n<li>Atualiza\u00e7\u00f5es constantes com novos desenhos exclusivos<\/li>\n<li>B\u00f4nus ao comprar mais desenhos e deixar sua avalia\u00e7\u00e3o<\/li>\n<\/ul>\n<p>Ap\u00f3s a confirma\u00e7\u00e3o do pagamento, poder\u00e1 baixar seu PDF no <a href=\"https:\/\/fontedearte.com\/loja\/minha-conta\/downloads\/\" target=\"_blank\" rel=\"noopener\">Painel do Cliente<\/a>. Tamb\u00e9m enviaremos uma c\u00f3pia no seu e-mail.<\/p>\n<h2>Desenhos para colorir e pintar PDF<\/h2>\n<p>Se voc\u00ea est\u00e1 em busca dos melhores <strong>desenhos para colorir<\/strong>, acaba de encontrar o lugar certo! Aqui, voc\u00ea encontra uma sele\u00e7\u00e3o exclusiva de ilustra\u00e7\u00f5es detalhadas e criativas, prontas para imprimir e soltar a imagina\u00e7\u00e3o. Seja para crian\u00e7as explorarem suas habilidades motoras ou para adultos relaxarem com a arte da colora\u00e7\u00e3o, nossos desenhos s\u00e3o ideais para qualquer momento.<\/p>\n<p>Aqui em nossa Loja de <strong>PDF para colorir<\/strong> temos uma vasta gama de temas dispon\u00edveis, h\u00e1 desenhos para todos os gostos. Portanto, n\u00e3o importa a sua idade ou interesse, pegar alguns l\u00e1pis de cor e come\u00e7ar a colorir pode ser uma excelente maneira de <a href=\"https:\/\/www.youtube.com\/@fontedearte?sub_confirmation=1\" target=\"_blank\" rel=\"noopener\">expressar sua criatividade<\/a> e encontrar um momento de divers\u00e3o de forma simples e relaxante.<\/p>\n<p>Certamente voc\u00ea ir\u00e1 gostar dos nossos desenhos para imprimir PDF e colorir. \ud83d\ude00<\/p>\n","protected":false},"excerpt":{"rendered":"<p>365 Desenhos para imprimir PDF e colorir infantil &#8211; menina e menino Livro de colorir com 365 p\u00e1ginas em alta resolu\u00e7\u00e3o para voc\u00ea fazer download em PDF e imprimir. S\u00e3o 365 p\u00e1ginas com desenhos para colorir infantil: 50 p\u00e1ginas Animais da fazenda 50 p\u00e1ginas Dinossauros 20 p\u00e1ginas Safari 45 p\u00e1ginas Garfield 50 p\u00e1ginas Mickey e [&hellip;]<\/p>\n","protected":false},"featured_media":10039,"comment_status":"closed","ping_status":"closed","template":"","meta":{"_monsterinsights_skip_tracking":false,"_monsterinsights_sitenote_active":false,"_monsterinsights_sitenote_note":"","_monsterinsights_sitenote_category":0},"product_brand":[],"product_cat":[15,326],"product_tag":[217,231,220,218,95],"class_list":{"0":"post-8348","1":"product","2":"type-product","3":"status-publish","4":"has-post-thumbnail","6":"product_cat-desenhos-colorir","7":"product_cat-pacotes","8":"product_tag-365-desenhos-colorir","9":"product_tag-365-desenhos-para-colorir-infantil","10":"product_tag-365-desenhos-para-colorir-pdf","11":"product_tag-365-desenhos-pintar","12":"product_tag-desenhos-para-colorir","14":"first","15":"instock","16":"sale","17":"downloadable","18":"virtual","19":"purchasable","20":"product-type-simple"},"aioseo_notices":[],"_links":{"self":[{"href":"https:\/\/fontedearte.com\/loja\/wp-json\/wp\/v2\/product\/8348","targetHints":{"allow":["GET"]}}],"collection":[{"href":"https:\/\/fontedearte.com\/loja\/wp-json\/wp\/v2\/product"}],"about":[{"href":"https:\/\/fontedearte.com\/loja\/wp-json\/wp\/v2\/types\/product"}],"replies":[{"embeddable":true,"href":"https:\/\/fontedearte.com\/loja\/wp-json\/wp\/v2\/comments?post=8348"}],"version-history":[{"count":16,"href":"https:\/\/fontedearte.com\/loja\/wp-json\/wp\/v2\/product\/8348\/revisions"}],"predecessor-version":[{"id":11721,"href":"https:\/\/fontedearte.com\/loja\/wp-json\/wp\/v2\/product\/8348\/revisions\/11721"}],"wp:featuredmedia":[{"embeddable":true,"href":"https:\/\/fontedearte.com\/loja\/wp-json\/wp\/v2\/media\/10039"}],"wp:attachment":[{"href":"https:\/\/fontedearte.com\/loja\/wp-json\/wp\/v2\/media?parent=8348"}],"wp:term":[{"taxonomy":"product_brand","embeddable":true,"href":"https:\/\/fontedearte.com\/loja\/wp-json\/wp\/v2\/product_brand?post=8348"},{"taxonomy":"product_cat","embeddable":true,"href":"https:\/\/fontedearte.com\/loja\/wp-json\/wp\/v2\/product_cat?post=8348"},{"taxonomy":"product_tag","embeddable":true,"href":"https:\/\/fontedearte.com\/loja\/wp-json\/wp\/v2\/product_tag?post=8348"}],"curies":[{"name":"wp","href":"https:\/\/api.w.org\/{rel}","templated":true}]}}