{"id":8306,"date":"2024-01-29T16:53:13","date_gmt":"2024-01-29T19:53:13","guid":{"rendered":"https:\/\/fontedearte.com\/loja\/?post_type=product&#038;p=8306"},"modified":"2026-01-15T07:54:54","modified_gmt":"2026-01-15T10:54:54","slug":"jogos-educativos","status":"publish","type":"product","link":"https:\/\/fontedearte.com\/loja\/product\/jogos-educativos\/","title":{"rendered":"Jogos Educativos Pedag\u00f3gicos &#8211; Imprimir PDF"},"content":{"rendered":"<h2>Jogos educativos pedag\u00f3gicos &#8211; imprimir PDF<\/h2>\n<p><b>PDF com 61 p\u00e1ginas. Educa\u00e7\u00e3o infantil: jogos educativos pedag\u00f3gicos para refor\u00e7o escolar &#8211; imprimir PDF<\/b>.<\/p>\n<h3>S\u00e3o 61 p\u00e1ginas com jogos educativos:<\/h3>\n<ul>\n<li>2 atividades domin\u00f3 do alfabeto<\/li>\n<li>4 atividades recurso do troca<\/li>\n<li>26 atividades labirinto<\/li>\n<li>16 atividades quebra cabe\u00e7a<\/li>\n<li>13 atividades intruso<\/li>\n<\/ul>\n<h3>Vantagens para voc\u00ea:<\/h3>\n<ul>\n<li>Acesso imediato logo ap\u00f3s a confirma\u00e7\u00e3o do pagamento<\/li>\n<li>Download f\u00e1cil e ilimitado por 12 meses<\/li>\n<li>Imagens em alta resolu\u00e7\u00e3o melhoradas com IA<\/li>\n<li>PDF sem marca d&#8217;\u00e1gua nas imagens<\/li>\n<li>Impress\u00e3o nos formatos A4 ou A5<\/li>\n<li>Pode imprimir para revenda em loja f\u00edsica<\/li>\n<li>Perfeito para professores, pais e amantes da arte<\/li>\n<li>Atualiza\u00e7\u00f5es constantes com novos desenhos exclusivos<\/li>\n<li>B\u00f4nus ao comprar mais desenhos e deixar sua avalia\u00e7\u00e3o<\/li>\n<\/ul>\n<p>Ap\u00f3s a confirma\u00e7\u00e3o do pagamento, poder\u00e1 baixar seus PDFs no <strong><a href=\"https:\/\/fontedearte.com\/loja\/minha-conta\/downloads\/\" target=\"_blank\" rel=\"noopener\">Painel do Cliente<\/a><\/strong>. Tamb\u00e9m enviaremos uma c\u00f3pia no seu e-mail.<\/p>\n<h2>Educa\u00e7\u00e3o infantil: atividades para refor\u00e7o escolar<\/h2>\n<p><strong>Atividades para Educa\u00e7\u00e3o Infantil<\/strong> s\u00e3o projetadas para promover o desenvolvimento integral das crian\u00e7as em seus primeiros anos de vida. Essas <strong>atividades para alfabetiza\u00e7\u00e3o<\/strong> abrangem \u00e1reas como cogni\u00e7\u00e3o, linguagem, habilidades motoras, emocionais e sociais.<\/p>\n<p>A abordagem pedag\u00f3gica geralmente \u00e9 l\u00fadica e centrada na crian\u00e7a, incorporando jogos, brincadeiras e intera\u00e7\u00f5es criativas para tornar o aprendizado mais envolvente e significativo. As atividades para educa\u00e7\u00e3o infantil podem incluir jogos educativos, conta\u00e7\u00e3o de hist\u00f3rias, atividades art\u00edsticas, m\u00fasica, movimento e explora\u00e7\u00e3o sensorial.<\/p>\n<p>O objetivo \u00e9 cultivar um ambiente estimulante que promova o interesse pela aprendizagem, o desenvolvimento de habilidades essenciais e a constru\u00e7\u00e3o de uma base s\u00f3lida para o progresso educacional futuro.<\/p>\n<p>Certamente voc\u00ea ir\u00e1 gostar das nossas <strong>atividades para educa\u00e7\u00e3o infantil e refor\u00e7o escolar<\/strong>.<\/p>\n","protected":false},"excerpt":{"rendered":"<p>Jogos educativos pedag\u00f3gicos &#8211; imprimir PDF PDF com 61 p\u00e1ginas. Educa\u00e7\u00e3o infantil: jogos educativos pedag\u00f3gicos para refor\u00e7o escolar &#8211; imprimir PDF. S\u00e3o 61 p\u00e1ginas com jogos educativos: 2 atividades domin\u00f3 do alfabeto 4 atividades recurso do troca 26 atividades labirinto 16 atividades quebra cabe\u00e7a 13 atividades intruso Vantagens para voc\u00ea: Acesso imediato logo ap\u00f3s a [&hellip;]<\/p>\n","protected":false},"featured_media":8312,"comment_status":"closed","ping_status":"closed","template":"","meta":{"_monsterinsights_skip_tracking":false,"_monsterinsights_sitenote_active":false,"_monsterinsights_sitenote_note":"","_monsterinsights_sitenote_category":0},"product_brand":[],"product_cat":[196],"product_tag":[203,205,206,202],"class_list":{"0":"post-8306","1":"product","2":"type-product","3":"status-publish","4":"has-post-thumbnail","6":"product_cat-alfabetizacao","7":"product_tag-educacao-infantil","8":"product_tag-jogos-educativos","9":"product_tag-jogos-pedagogicos","10":"product_tag-reforco-escolar","12":"first","13":"instock","14":"sale","15":"downloadable","16":"virtual","17":"purchasable","18":"product-type-simple"},"aioseo_notices":[],"_links":{"self":[{"href":"https:\/\/fontedearte.com\/loja\/wp-json\/wp\/v2\/product\/8306","targetHints":{"allow":["GET"]}}],"collection":[{"href":"https:\/\/fontedearte.com\/loja\/wp-json\/wp\/v2\/product"}],"about":[{"href":"https:\/\/fontedearte.com\/loja\/wp-json\/wp\/v2\/types\/product"}],"replies":[{"embeddable":true,"href":"https:\/\/fontedearte.com\/loja\/wp-json\/wp\/v2\/comments?post=8306"}],"version-history":[{"count":9,"href":"https:\/\/fontedearte.com\/loja\/wp-json\/wp\/v2\/product\/8306\/revisions"}],"predecessor-version":[{"id":11421,"href":"https:\/\/fontedearte.com\/loja\/wp-json\/wp\/v2\/product\/8306\/revisions\/11421"}],"wp:featuredmedia":[{"embeddable":true,"href":"https:\/\/fontedearte.com\/loja\/wp-json\/wp\/v2\/media\/8312"}],"wp:attachment":[{"href":"https:\/\/fontedearte.com\/loja\/wp-json\/wp\/v2\/media?parent=8306"}],"wp:term":[{"taxonomy":"product_brand","embeddable":true,"href":"https:\/\/fontedearte.com\/loja\/wp-json\/wp\/v2\/product_brand?post=8306"},{"taxonomy":"product_cat","embeddable":true,"href":"https:\/\/fontedearte.com\/loja\/wp-json\/wp\/v2\/product_cat?post=8306"},{"taxonomy":"product_tag","embeddable":true,"href":"https:\/\/fontedearte.com\/loja\/wp-json\/wp\/v2\/product_tag?post=8306"}],"curies":[{"name":"wp","href":"https:\/\/api.w.org\/{rel}","templated":true}]}}