{"id":8280,"date":"2024-01-29T15:13:20","date_gmt":"2024-01-29T18:13:20","guid":{"rendered":"https:\/\/fontedearte.com\/loja\/?post_type=product&#038;p=8280"},"modified":"2026-01-15T07:55:05","modified_gmt":"2026-01-15T10:55:05","slug":"atividades-de-matematica-1-ano","status":"publish","type":"product","link":"https:\/\/fontedearte.com\/loja\/product\/atividades-de-matematica-1-ano\/","title":{"rendered":"Atividades de Matem\u00e1tica 1\u00ba Ano &#8211; Imprimir PDF"},"content":{"rendered":"<h2>Atividades de matem\u00e1tica para o 1\u00ba ano escolar &#8211; imprimir PDF<\/h2>\n<p><strong>PDF com 64 p\u00e1ginas. Educa\u00e7\u00e3o infantil: atividades de matem\u00e1tica para refor\u00e7o escolar &#8211; imprimir PDF<\/strong>.<\/p>\n<h3>S\u00e3o 64 p\u00e1ginas com\u00a0atividades de matem\u00e1tica 1 ano:<\/h3>\n<ul>\n<li>16 atividades com n\u00fameros de 1 ao 10<\/li>\n<li>46 atividades de opera\u00e7\u00f5es<\/li>\n<li>8 atividades de r\u00e9gua num\u00e9rica do 0 ao 100<\/li>\n<\/ul>\n<h3>Vantagens para voc\u00ea:<\/h3>\n<ul>\n<li>Acesso imediato logo ap\u00f3s a confirma\u00e7\u00e3o do pagamento<\/li>\n<li>Download f\u00e1cil e ilimitado por 12 meses<\/li>\n<li>Imagens em alta resolu\u00e7\u00e3o melhoradas com IA<\/li>\n<li>PDF sem marca d&#8217;\u00e1gua nas imagens<\/li>\n<li>Impress\u00e3o nos formatos A4 ou A5<\/li>\n<li>Pode imprimir para revenda em loja f\u00edsica<\/li>\n<li>Perfeito para professores, pais e amantes da arte<\/li>\n<li>Atualiza\u00e7\u00f5es constantes com novos desenhos exclusivos<\/li>\n<li>B\u00f4nus ao comprar mais desenhos e deixar sua avalia\u00e7\u00e3o<\/li>\n<\/ul>\n<p>Ap\u00f3s a confirma\u00e7\u00e3o do pagamento, poder\u00e1 baixar seus PDFs no <strong><a href=\"https:\/\/fontedearte.com\/loja\/minha-conta\/downloads\/\" target=\"_blank\" rel=\"noopener\">Painel do Cliente<\/a><\/strong>. Tamb\u00e9m enviaremos uma c\u00f3pia no seu e-mail.<\/p>\n<h2>Educa\u00e7\u00e3o infantil: atividades de matem\u00e1tica 1 ano para refor\u00e7o escolar<\/h2>\n<p><strong>Atividades para Educa\u00e7\u00e3o Infantil<\/strong> s\u00e3o projetadas para promover o desenvolvimento integral das crian\u00e7as em seus primeiros anos de vida. Essas <strong>atividades para alfabetiza\u00e7\u00e3o<\/strong> abrangem \u00e1reas como cogni\u00e7\u00e3o, linguagem, habilidades motoras, emocionais e sociais.<\/p>\n<p>A abordagem pedag\u00f3gica geralmente \u00e9 l\u00fadica e centrada na crian\u00e7a, incorporando jogos, brincadeiras e intera\u00e7\u00f5es criativas para tornar o aprendizado mais envolvente e significativo. As atividades para educa\u00e7\u00e3o infantil podem incluir jogos educativos, conta\u00e7\u00e3o de hist\u00f3rias, atividades art\u00edsticas, m\u00fasica, movimento e explora\u00e7\u00e3o sensorial.<\/p>\n<p>O objetivo \u00e9 cultivar um ambiente estimulante que promova o interesse pela aprendizagem, o desenvolvimento de habilidades essenciais e a constru\u00e7\u00e3o de uma base s\u00f3lida para o progresso educacional futuro.<\/p>\n<p>Certamente voc\u00ea ir\u00e1 gostar das nossas <strong>atividades para educa\u00e7\u00e3o infantil e refor\u00e7o escolar<\/strong>.<\/p>\n","protected":false},"excerpt":{"rendered":"<p>Atividades de matem\u00e1tica para o 1\u00ba ano escolar &#8211; imprimir PDF PDF com 64 p\u00e1ginas. Educa\u00e7\u00e3o infantil: atividades de matem\u00e1tica para refor\u00e7o escolar &#8211; imprimir PDF. S\u00e3o 64 p\u00e1ginas com\u00a0atividades de matem\u00e1tica 1 ano: 16 atividades com n\u00fameros de 1 ao 10 46 atividades de opera\u00e7\u00f5es 8 atividades de r\u00e9gua num\u00e9rica do 0 ao 100 [&hellip;]<\/p>\n","protected":false},"featured_media":8285,"comment_status":"closed","ping_status":"closed","template":"","meta":{"_monsterinsights_skip_tracking":false,"_monsterinsights_sitenote_active":false,"_monsterinsights_sitenote_note":"","_monsterinsights_sitenote_category":0},"product_brand":[],"product_cat":[196],"product_tag":[201,203,200,204,202],"class_list":{"0":"post-8280","1":"product","2":"type-product","3":"status-publish","4":"has-post-thumbnail","6":"product_cat-alfabetizacao","7":"product_tag-1-ano","8":"product_tag-educacao-infantil","9":"product_tag-matematica","10":"product_tag-matematica-1-ano","11":"product_tag-reforco-escolar","13":"first","14":"instock","15":"sale","16":"downloadable","17":"virtual","18":"purchasable","19":"product-type-simple"},"aioseo_notices":[],"_links":{"self":[{"href":"https:\/\/fontedearte.com\/loja\/wp-json\/wp\/v2\/product\/8280","targetHints":{"allow":["GET"]}}],"collection":[{"href":"https:\/\/fontedearte.com\/loja\/wp-json\/wp\/v2\/product"}],"about":[{"href":"https:\/\/fontedearte.com\/loja\/wp-json\/wp\/v2\/types\/product"}],"replies":[{"embeddable":true,"href":"https:\/\/fontedearte.com\/loja\/wp-json\/wp\/v2\/comments?post=8280"}],"version-history":[{"count":8,"href":"https:\/\/fontedearte.com\/loja\/wp-json\/wp\/v2\/product\/8280\/revisions"}],"predecessor-version":[{"id":11422,"href":"https:\/\/fontedearte.com\/loja\/wp-json\/wp\/v2\/product\/8280\/revisions\/11422"}],"wp:featuredmedia":[{"embeddable":true,"href":"https:\/\/fontedearte.com\/loja\/wp-json\/wp\/v2\/media\/8285"}],"wp:attachment":[{"href":"https:\/\/fontedearte.com\/loja\/wp-json\/wp\/v2\/media?parent=8280"}],"wp:term":[{"taxonomy":"product_brand","embeddable":true,"href":"https:\/\/fontedearte.com\/loja\/wp-json\/wp\/v2\/product_brand?post=8280"},{"taxonomy":"product_cat","embeddable":true,"href":"https:\/\/fontedearte.com\/loja\/wp-json\/wp\/v2\/product_cat?post=8280"},{"taxonomy":"product_tag","embeddable":true,"href":"https:\/\/fontedearte.com\/loja\/wp-json\/wp\/v2\/product_tag?post=8280"}],"curies":[{"name":"wp","href":"https:\/\/api.w.org\/{rel}","templated":true}]}}