{"id":8073,"date":"2024-01-10T08:37:13","date_gmt":"2024-01-10T11:37:13","guid":{"rendered":"https:\/\/fontedearte.com\/loja\/?post_type=product&#038;p=8073"},"modified":"2024-01-10T08:45:23","modified_gmt":"2024-01-10T11:45:23","slug":"pateta-desenhos-para-imprimir-e-colorir","status":"publish","type":"product","link":"https:\/\/fontedearte.com\/loja\/product\/pateta-desenhos-para-imprimir-e-colorir\/","title":{"rendered":"Pateta &#8211; Desenhos para imprimir e colorir"},"content":{"rendered":"<h3>Desenhos Pateta &#8211; Disney para imprimir PDF e colorir<\/h3>\n<p><strong>Livro de colorir com 20 p\u00e1ginas<\/strong> em alta resolu\u00e7\u00e3o para voc\u00ea fazer download em PDF e imprimir.<\/p>\n<p>S\u00e3o 20 p\u00e1ginas com <strong>desenhos para colorir infantil<\/strong>.<\/p>\n<h3>Vantagens para voc\u00ea:<\/h3>\n<p>Acesso imediato ap\u00f3s a confirma\u00e7\u00e3o do pagamento;<\/p>\n<p>PDF com imagens em alta resolu\u00e7\u00e3o;<\/p>\n<p>Pode imprimir para revenda f\u00edsica;<\/p>\n<p>Pode usar em atividades escolares.<\/p>\n<p><strong>Economize seu precioso tempo pesquisando<\/strong> desenhos para colorir e atividades educativas na internet. S\u00e3o diversos temas organizados em um s\u00f3 lugar.<\/p>\n<p>Ap\u00f3s a confirma\u00e7\u00e3o do pagamento, poder\u00e1 baixar seu PDF aqui no <strong><a href=\"https:\/\/fontedearte.com\/loja\/minha-conta\/downloads\/\" target=\"_blank\" rel=\"noopener\">Painel do Cliente<\/a><\/strong>. Tamb\u00e9m enviaremos uma c\u00f3pia no seu email.<\/p>\n<h3>Desenhos para colorir e pintar<\/h3>\n<p>Desenhar, colorir e pintar com certeza \u00e9 umas das principais atividades para entreter crian\u00e7as.<\/p>\n<p>Ajuda muito a desenvolver e melhorar a criatividade das crian\u00e7as, e a sa\u00edrem do celular e da frente da televis\u00e3o.<\/p>\n<p>Prepare a mesa, cadeira, papel, l\u00e1pis de cor, giz de cera, tinta guache, pinc\u00e9is e bora colocar as atividades de desenho em a\u00e7\u00e3o agora mesmo!<\/p>\n<p>Aqui em nosso site, voc\u00ea tamb\u00e9m encontrar\u00e1 <strong>desenhos para imprimir PDF<\/strong> de diversos temas, artes para todas as idades.<\/p>\n<p>Certamente voc\u00ea ir\u00e1 gostar dos nossos <strong>desenhos para imprimir PDF e colorir<\/strong>.<\/p>\n","protected":false},"excerpt":{"rendered":"<h2>20 p\u00e1ginas com desenhos para colorir infantil<\/h2>\n<p><span style=\"font-size: 17px;\"><span style=\"font-family: arial,helvetica,sans-serif;\"><strong>Livro de colorir Pateta &#8211; Disney com imagens em alta resolu\u00e7\u00e3o para fazer download em PDF e imprimir<\/strong>. Economize <strong>seu precioso tempo<\/strong> pesquisando desenhos para colorir e atividades educativas na internet. S\u00e3o diversos temas organizados em um s\u00f3 lugar.<\/span><\/span><\/p>\n","protected":false},"featured_media":8074,"comment_status":"open","ping_status":"closed","template":"","meta":{"_monsterinsights_skip_tracking":false,"_monsterinsights_sitenote_active":false,"_monsterinsights_sitenote_note":"","_monsterinsights_sitenote_category":0},"product_brand":[],"product_cat":[15],"product_tag":[95,96,100,168],"class_list":{"0":"post-8073","1":"product","2":"type-product","3":"status-publish","4":"has-post-thumbnail","6":"product_cat-desenhos-colorir","7":"product_tag-desenhos-para-colorir","8":"product_tag-desenhos-para-imprimir-pdf","9":"product_tag-disney","10":"product_tag-pateta","12":"first","13":"instock","14":"sale","15":"downloadable","16":"virtual","17":"purchasable","18":"product-type-simple"},"aioseo_notices":[],"_links":{"self":[{"href":"https:\/\/fontedearte.com\/loja\/wp-json\/wp\/v2\/product\/8073","targetHints":{"allow":["GET"]}}],"collection":[{"href":"https:\/\/fontedearte.com\/loja\/wp-json\/wp\/v2\/product"}],"about":[{"href":"https:\/\/fontedearte.com\/loja\/wp-json\/wp\/v2\/types\/product"}],"replies":[{"embeddable":true,"href":"https:\/\/fontedearte.com\/loja\/wp-json\/wp\/v2\/comments?post=8073"}],"version-history":[{"count":1,"href":"https:\/\/fontedearte.com\/loja\/wp-json\/wp\/v2\/product\/8073\/revisions"}],"predecessor-version":[{"id":8076,"href":"https:\/\/fontedearte.com\/loja\/wp-json\/wp\/v2\/product\/8073\/revisions\/8076"}],"wp:featuredmedia":[{"embeddable":true,"href":"https:\/\/fontedearte.com\/loja\/wp-json\/wp\/v2\/media\/8074"}],"wp:attachment":[{"href":"https:\/\/fontedearte.com\/loja\/wp-json\/wp\/v2\/media?parent=8073"}],"wp:term":[{"taxonomy":"product_brand","embeddable":true,"href":"https:\/\/fontedearte.com\/loja\/wp-json\/wp\/v2\/product_brand?post=8073"},{"taxonomy":"product_cat","embeddable":true,"href":"https:\/\/fontedearte.com\/loja\/wp-json\/wp\/v2\/product_cat?post=8073"},{"taxonomy":"product_tag","embeddable":true,"href":"https:\/\/fontedearte.com\/loja\/wp-json\/wp\/v2\/product_tag?post=8073"}],"curies":[{"name":"wp","href":"https:\/\/api.w.org\/{rel}","templated":true}]}}