{"id":7984,"date":"2024-01-09T17:14:51","date_gmt":"2024-01-09T20:14:51","guid":{"rendered":"https:\/\/fontedearte.com\/loja\/?post_type=product&#038;p=7984"},"modified":"2024-12-05T18:28:40","modified_gmt":"2024-12-05T21:28:40","slug":"toy-story-desenhos-para-imprimir-e-colorir","status":"publish","type":"product","link":"https:\/\/fontedearte.com\/loja\/product\/toy-story-desenhos-para-imprimir-e-colorir\/","title":{"rendered":"20 Desenhos Toy Story Para Colorir PDF"},"content":{"rendered":"<h2>Desenhos Toy Story &#8211; Disney para colorir e pintar &#8211; imprimir PDF<\/h2>\n<p>Livro com desenhos para colorir PDF com <strong>20 p\u00e1ginas<\/strong> em alta resolu\u00e7\u00e3o para voc\u00ea fazer download e imprimir.<\/p>\n<p>Toy Story, da Disney\/Pixar, \u00e9 uma anima\u00e7\u00e3o que revela o mundo secreto dos brinquedos, mostrando suas aventuras quando os humanos n\u00e3o est\u00e3o por perto. A hist\u00f3ria gira em torno de Woody, um cowboy cl\u00e1ssico, e Buzz Lightyear, um astronauta moderno, enquanto aprendem sobre amizade e trabalho em equipe.<\/p>\n<p>Com personagens cativantes, humor e emo\u00e7\u00e3o, Toy Story encanta todas as idades, celebrando o valor das mem\u00f3rias e das conex\u00f5es especiais que fazemos ao longo da vida.<\/p>\n<h2>Vantagens dos desenhos para imprimir e colorir infantil:<\/h2>\n<ul>\n<li>Acesso imediato logo ap\u00f3s a confirma\u00e7\u00e3o do pagamento<\/li>\n<li>Download f\u00e1cil e ilimitado por 12 meses<\/li>\n<li>PDF com imagens em alta resolu\u00e7\u00e3o<\/li>\n<li>PDF sem marca d&#8217;\u00e1gua nas imagens<\/li>\n<li>Impress\u00e3o nos formatos A4 ou A5<\/li>\n<li>Pode imprimir para revenda f\u00edsica<\/li>\n<\/ul>\n<p>Ap\u00f3s a confirma\u00e7\u00e3o do pagamento, poder\u00e1 baixar seu PDF no <a href=\"https:\/\/fontedearte.com\/loja\/minha-conta\/downloads\/\" target=\"_blank\" rel=\"noopener\">Painel do Cliente<\/a>. Tamb\u00e9m enviaremos uma c\u00f3pia no seu e-mail.<\/p>\n<h2>Desenhos infantil para colorir e pintar PDF<\/h2>\n<p>Os <strong>desenhos para imprimir e colorir<\/strong> oferecem uma atividade divertida e educativa para pessoas de todas as idades. Al\u00e9m de estimular a criatividade e a coordena\u00e7\u00e3o motora, colorir pode ser uma forma relaxante de passar o tempo.<\/p>\n<p>Aqui em nossa Loja de PDF para colorir temos uma vasta gama de temas dispon\u00edveis, h\u00e1 desenhos para todos os gostos. Portanto, n\u00e3o importa a sua idade ou interesse, pegar alguns l\u00e1pis de cor e come\u00e7ar a colorir pode ser uma excelente maneira de <a href=\"https:\/\/www.youtube.com\/@fontedearte?sub_confirmation=1\" target=\"_blank\" rel=\"noopener\">expressar sua criatividade<\/a> e encontrar um momento de divers\u00e3o de forma simples e relaxante.<\/p>\n<p>Certamente voc\u00ea ir\u00e1 gostar dos nossos <strong>desenhos para imprimir PDF e colorir infantil<\/strong>.<\/p>\n","protected":false},"excerpt":{"rendered":"<h2>Desenhos Toy Story para colorir &#8211; imprimir PDF<\/h2>\n<p>Toy Story, da Disney\/Pixar, \u00e9 uma anima\u00e7\u00e3o que revela o mundo secreto dos brinquedos, mostrando suas aventuras quando os humanos n\u00e3o est\u00e3o por perto.<\/p>\n<p><strong>Livro para colorir PDF com 20 p\u00e1ginas em alta resolu\u00e7\u00e3o<\/strong>. Atividade divertida e educativa para crian\u00e7as. Estimula a criatividade e a coordena\u00e7\u00e3o motora. Colorir desenhos pode ser uma forma relaxante de passar o tempo.<\/p>\n<h3>Benef\u00edcios para voc\u00ea:<\/h3>\n<ul>\n<li>Download f\u00e1cil e ilimitado por 12 meses<\/li>\n<li>PDF com imagens em alta resolu\u00e7\u00e3o<\/li>\n<li>PDF sem marca d&#8217;\u00e1gua nas imagens<\/li>\n<li>Impress\u00e3o nos formatos A4 e A5<\/li>\n<\/ul>\n<p><strong>Arquivo entregue via download<\/strong> logo ap\u00f3s a confirma\u00e7\u00e3o do pagamento.<\/p>\n","protected":false},"featured_media":7985,"comment_status":"closed","ping_status":"closed","template":"","meta":{"_monsterinsights_skip_tracking":false,"_monsterinsights_sitenote_active":false,"_monsterinsights_sitenote_note":"","_monsterinsights_sitenote_category":0},"product_brand":[],"product_cat":[15],"product_tag":[95,96,100,160],"class_list":{"0":"post-7984","1":"product","2":"type-product","3":"status-publish","4":"has-post-thumbnail","6":"product_cat-desenhos-colorir","7":"product_tag-desenhos-para-colorir","8":"product_tag-desenhos-para-imprimir-pdf","9":"product_tag-disney","10":"product_tag-toy-story","12":"first","13":"instock","14":"sale","15":"downloadable","16":"virtual","17":"purchasable","18":"product-type-simple"},"aioseo_notices":[],"_links":{"self":[{"href":"https:\/\/fontedearte.com\/loja\/wp-json\/wp\/v2\/product\/7984","targetHints":{"allow":["GET"]}}],"collection":[{"href":"https:\/\/fontedearte.com\/loja\/wp-json\/wp\/v2\/product"}],"about":[{"href":"https:\/\/fontedearte.com\/loja\/wp-json\/wp\/v2\/types\/product"}],"replies":[{"embeddable":true,"href":"https:\/\/fontedearte.com\/loja\/wp-json\/wp\/v2\/comments?post=7984"}],"version-history":[{"count":4,"href":"https:\/\/fontedearte.com\/loja\/wp-json\/wp\/v2\/product\/7984\/revisions"}],"predecessor-version":[{"id":10344,"href":"https:\/\/fontedearte.com\/loja\/wp-json\/wp\/v2\/product\/7984\/revisions\/10344"}],"wp:featuredmedia":[{"embeddable":true,"href":"https:\/\/fontedearte.com\/loja\/wp-json\/wp\/v2\/media\/7985"}],"wp:attachment":[{"href":"https:\/\/fontedearte.com\/loja\/wp-json\/wp\/v2\/media?parent=7984"}],"wp:term":[{"taxonomy":"product_brand","embeddable":true,"href":"https:\/\/fontedearte.com\/loja\/wp-json\/wp\/v2\/product_brand?post=7984"},{"taxonomy":"product_cat","embeddable":true,"href":"https:\/\/fontedearte.com\/loja\/wp-json\/wp\/v2\/product_cat?post=7984"},{"taxonomy":"product_tag","embeddable":true,"href":"https:\/\/fontedearte.com\/loja\/wp-json\/wp\/v2\/product_tag?post=7984"}],"curies":[{"name":"wp","href":"https:\/\/api.w.org\/{rel}","templated":true}]}}