{"id":7808,"date":"2024-01-08T08:57:16","date_gmt":"2024-01-08T11:57:16","guid":{"rendered":"https:\/\/fontedearte.com\/loja\/?post_type=product&#038;p=7808"},"modified":"2024-12-06T16:00:00","modified_gmt":"2024-12-06T19:00:00","slug":"minions-desenhos-para-imprimir-e-colorir","status":"publish","type":"product","link":"https:\/\/fontedearte.com\/loja\/product\/minions-desenhos-para-imprimir-e-colorir\/","title":{"rendered":"30 Desenhos Minions Para Colorir PDF"},"content":{"rendered":"<h2>Desenhos Minions para colorir e pintar &#8211; imprimir PDF<\/h2>\n<p>Livro com desenhos para colorir PDF com <strong>30 p\u00e1ginas<\/strong> em alta resolu\u00e7\u00e3o para voc\u00ea fazer download e imprimir.<\/p>\n<p>Os Minions s\u00e3o criaturas amarelas engra\u00e7adas e leais, conhecidas por suas trapalhadas e seu jeito \u00fanico de falar. Estrelas de Meu Malvado Favorito e de seus pr\u00f3prios filmes, eles est\u00e3o sempre em busca de servir ao maior vil\u00e3o do mundo, mas suas aventuras geralmente acabam em confus\u00e3o.<\/p>\n<p>Com humor contagiante e momentos ador\u00e1veis, os Minions conquistaram f\u00e3s de todas as idades, trazendo divers\u00e3o e alegria em cada apari\u00e7\u00e3o.<\/p>\n<h2>Vantagens dos desenhos para imprimir e colorir infantil:<\/h2>\n<ul>\n<li>Acesso imediato logo ap\u00f3s a confirma\u00e7\u00e3o do pagamento<\/li>\n<li>Download f\u00e1cil e ilimitado por 12 meses<\/li>\n<li>PDF com imagens em alta resolu\u00e7\u00e3o<\/li>\n<li>PDF sem marca d&#8217;\u00e1gua nas imagens<\/li>\n<li>Impress\u00e3o nos formatos A4 ou A5<\/li>\n<li>Pode imprimir para revenda f\u00edsica<\/li>\n<\/ul>\n<p>Ap\u00f3s a confirma\u00e7\u00e3o do pagamento, poder\u00e1 baixar seu PDF no <a href=\"https:\/\/fontedearte.com\/loja\/minha-conta\/downloads\/\" target=\"_blank\" rel=\"noopener\">Painel do Cliente<\/a>. Tamb\u00e9m enviaremos uma c\u00f3pia no seu e-mail.<\/p>\n<h2>Desenhos infantil para colorir e pintar PDF<\/h2>\n<p>Os <strong>desenhos para imprimir e colorir<\/strong> oferecem uma atividade divertida e educativa para pessoas de todas as idades. Al\u00e9m de estimular a criatividade e a coordena\u00e7\u00e3o motora, colorir pode ser uma forma relaxante de passar o tempo.<\/p>\n<p>Aqui em nossa Loja de PDF para colorir temos uma vasta gama de temas dispon\u00edveis, h\u00e1 desenhos para todos os gostos. Portanto, n\u00e3o importa a sua idade ou interesse, pegar alguns l\u00e1pis de cor e come\u00e7ar a colorir pode ser uma excelente maneira de <a href=\"https:\/\/www.youtube.com\/@fontedearte?sub_confirmation=1\" target=\"_blank\" rel=\"noopener\">expressar sua criatividade<\/a> e encontrar um momento de divers\u00e3o de forma simples e relaxante.<\/p>\n<p>Certamente voc\u00ea ir\u00e1 gostar dos nossos <strong>desenhos para imprimir PDF e colorir infantil<\/strong>.<\/p>\n","protected":false},"excerpt":{"rendered":"<h2>Desenhos Minions para colorir &#8211; imprimir PDF<\/h2>\n<p>Os Minions s\u00e3o criaturas amarelas engra\u00e7adas e leais, conhecidas por suas trapalhadas e seu jeito \u00fanico de falar&#8230;<\/p>\n<p><strong>Livro para colorir PDF com 30 p\u00e1ginas em alta resolu\u00e7\u00e3o<\/strong>. Atividade divertida e educativa para crian\u00e7as. Estimula a criatividade e a coordena\u00e7\u00e3o motora. Colorir desenhos pode ser uma forma relaxante de passar o tempo.<\/p>\n<h3>Benef\u00edcios para voc\u00ea:<\/h3>\n<ul>\n<li>Download f\u00e1cil e ilimitado por 12 meses<\/li>\n<li>PDF com imagens em alta resolu\u00e7\u00e3o<\/li>\n<li>PDF sem marca d&#8217;\u00e1gua nas imagens<\/li>\n<li>Impress\u00e3o nos formatos A4 e A5<\/li>\n<\/ul>\n<p><strong>Arquivo entregue via download<\/strong> logo ap\u00f3s a confirma\u00e7\u00e3o do pagamento.<\/p>\n","protected":false},"featured_media":7809,"comment_status":"closed","ping_status":"closed","template":"","meta":{"_monsterinsights_skip_tracking":false,"_monsterinsights_sitenote_active":false,"_monsterinsights_sitenote_note":"","_monsterinsights_sitenote_category":0},"product_brand":[],"product_cat":[15],"product_tag":[95,96,148,149],"class_list":{"0":"post-7808","1":"product","2":"type-product","3":"status-publish","4":"has-post-thumbnail","6":"product_cat-desenhos-colorir","7":"product_tag-desenhos-para-colorir","8":"product_tag-desenhos-para-imprimir-pdf","9":"product_tag-minion","10":"product_tag-minions","12":"first","13":"instock","14":"sale","15":"downloadable","16":"virtual","17":"purchasable","18":"product-type-simple"},"aioseo_notices":[],"_links":{"self":[{"href":"https:\/\/fontedearte.com\/loja\/wp-json\/wp\/v2\/product\/7808","targetHints":{"allow":["GET"]}}],"collection":[{"href":"https:\/\/fontedearte.com\/loja\/wp-json\/wp\/v2\/product"}],"about":[{"href":"https:\/\/fontedearte.com\/loja\/wp-json\/wp\/v2\/types\/product"}],"replies":[{"embeddable":true,"href":"https:\/\/fontedearte.com\/loja\/wp-json\/wp\/v2\/comments?post=7808"}],"version-history":[{"count":5,"href":"https:\/\/fontedearte.com\/loja\/wp-json\/wp\/v2\/product\/7808\/revisions"}],"predecessor-version":[{"id":10357,"href":"https:\/\/fontedearte.com\/loja\/wp-json\/wp\/v2\/product\/7808\/revisions\/10357"}],"wp:featuredmedia":[{"embeddable":true,"href":"https:\/\/fontedearte.com\/loja\/wp-json\/wp\/v2\/media\/7809"}],"wp:attachment":[{"href":"https:\/\/fontedearte.com\/loja\/wp-json\/wp\/v2\/media?parent=7808"}],"wp:term":[{"taxonomy":"product_brand","embeddable":true,"href":"https:\/\/fontedearte.com\/loja\/wp-json\/wp\/v2\/product_brand?post=7808"},{"taxonomy":"product_cat","embeddable":true,"href":"https:\/\/fontedearte.com\/loja\/wp-json\/wp\/v2\/product_cat?post=7808"},{"taxonomy":"product_tag","embeddable":true,"href":"https:\/\/fontedearte.com\/loja\/wp-json\/wp\/v2\/product_tag?post=7808"}],"curies":[{"name":"wp","href":"https:\/\/api.w.org\/{rel}","templated":true}]}}