{"id":7462,"date":"2023-12-27T17:07:13","date_gmt":"2023-12-27T20:07:13","guid":{"rendered":"https:\/\/fontedearte.com\/loja\/?post_type=product&#038;p=7462"},"modified":"2025-04-03T10:18:38","modified_gmt":"2025-04-03T13:18:38","slug":"princesas-disney-desenhos-para-imprimir-e-colorir","status":"publish","type":"product","link":"https:\/\/fontedearte.com\/loja\/product\/princesas-disney-desenhos-para-imprimir-e-colorir\/","title":{"rendered":"70 Desenhos Princesas Disney Para Colorir &#8211; Imprimir PDF"},"content":{"rendered":"<p><strong>70 P\u00e1ginas imprim\u00edveis com desenhos das Princesas da Disney para colorir infantil. Os desenhos mais queridos das meninas.<\/strong><\/p>\n<p>Colorir n\u00e3o \u00e9 apenas uma atividade l\u00fadica, mas tamb\u00e9m uma excelente forma de estimular o c\u00e9rebro, melhorar a coordena\u00e7\u00e3o motora e aliviar o estresse. Com nossos <strong>desenhos para imprimir PDF e colorir<\/strong>, voc\u00ea pode criar combina\u00e7\u00f5es de cores \u00fanicas, testar diferentes t\u00e9cnicas e deixar sua criatividade fluir.<\/p>\n<h2>Vantagens dos desenhos para colorir infantil e adulto:<\/h2>\n<ul>\n<li>Acesso imediato logo ap\u00f3s a confirma\u00e7\u00e3o do pagamento<\/li>\n<li>Download f\u00e1cil e ilimitado por 12 meses<\/li>\n<li>Imagens em alta resolu\u00e7\u00e3o melhoradas com IA<\/li>\n<li>PDF sem marca d&#8217;\u00e1gua nas imagens<\/li>\n<li>Impress\u00e3o nos formatos A4 ou A5<\/li>\n<li>Pode imprimir para revenda em loja f\u00edsica<\/li>\n<li>Perfeito para professores, pais e amantes da arte<\/li>\n<li>Atualiza\u00e7\u00f5es constantes com novos desenhos exclusivos<\/li>\n<li>B\u00f4nus ao comprar mais desenhos e deixar sua avalia\u00e7\u00e3o<\/li>\n<\/ul>\n<p>Ap\u00f3s a confirma\u00e7\u00e3o do pagamento, poder\u00e1 baixar seu PDF no <a href=\"https:\/\/fontedearte.com\/loja\/minha-conta\/downloads\/\" target=\"_blank\" rel=\"noopener\">Painel do Cliente<\/a>. Tamb\u00e9m enviaremos uma c\u00f3pia no seu e-mail.<\/p>\n<h2>Desenhos para colorir e pintar PDF<\/h2>\n<p>Se voc\u00ea est\u00e1 em busca dos melhores <strong>desenhos para colorir<\/strong>, acaba de encontrar o lugar certo! Aqui, voc\u00ea encontra uma sele\u00e7\u00e3o exclusiva de ilustra\u00e7\u00f5es detalhadas e criativas, prontas para imprimir e soltar a imagina\u00e7\u00e3o. Seja para crian\u00e7as explorarem suas habilidades motoras ou para adultos relaxarem com a arte da colora\u00e7\u00e3o, nossos desenhos s\u00e3o ideais para qualquer momento.<\/p>\n<p>Aqui em nossa Loja de <strong>PDF para colorir<\/strong> temos uma vasta gama de temas dispon\u00edveis, h\u00e1 desenhos para todos os gostos. Portanto, n\u00e3o importa a sua idade ou interesse, pegar alguns l\u00e1pis de cor e come\u00e7ar a colorir pode ser uma excelente maneira de <a href=\"https:\/\/www.youtube.com\/@fontedearte?sub_confirmation=1\" target=\"_blank\" rel=\"noopener\">expressar sua criatividade<\/a> e encontrar um momento de divers\u00e3o de forma simples e relaxante.<\/p>\n<p>Certamente voc\u00ea ir\u00e1 gostar dos nossos desenhos para imprimir PDF e colorir. \ud83d\ude00<\/p>\n","protected":false},"excerpt":{"rendered":"<p>70 P\u00e1ginas imprim\u00edveis com desenhos das Princesas da Disney para colorir infantil. Os desenhos mais queridos das meninas. Colorir n\u00e3o \u00e9 apenas uma atividade l\u00fadica, mas tamb\u00e9m uma excelente forma de estimular o c\u00e9rebro, melhorar a coordena\u00e7\u00e3o motora e aliviar o estresse. Com nossos desenhos para imprimir PDF e colorir, voc\u00ea pode criar combina\u00e7\u00f5es de [&hellip;]<\/p>\n","protected":false},"featured_media":7464,"comment_status":"closed","ping_status":"closed","template":"","meta":{"_monsterinsights_skip_tracking":false,"_monsterinsights_sitenote_active":false,"_monsterinsights_sitenote_note":"","_monsterinsights_sitenote_category":0},"product_brand":[],"product_cat":[15],"product_tag":[298,299,228,227],"class_list":{"0":"post-7462","1":"product","2":"type-product","3":"status-publish","4":"has-post-thumbnail","6":"product_cat-desenhos-colorir","7":"product_tag-desenhos-para-colorir-infantil-menina","8":"product_tag-desenhos-princesas-para-pintar","9":"product_tag-princesas-da-disney-para-colorir","10":"product_tag-princesas-para-colorir","12":"first","13":"instock","14":"sale","15":"downloadable","16":"virtual","17":"purchasable","18":"product-type-simple"},"aioseo_notices":[],"_links":{"self":[{"href":"https:\/\/fontedearte.com\/loja\/wp-json\/wp\/v2\/product\/7462","targetHints":{"allow":["GET"]}}],"collection":[{"href":"https:\/\/fontedearte.com\/loja\/wp-json\/wp\/v2\/product"}],"about":[{"href":"https:\/\/fontedearte.com\/loja\/wp-json\/wp\/v2\/types\/product"}],"replies":[{"embeddable":true,"href":"https:\/\/fontedearte.com\/loja\/wp-json\/wp\/v2\/comments?post=7462"}],"version-history":[{"count":14,"href":"https:\/\/fontedearte.com\/loja\/wp-json\/wp\/v2\/product\/7462\/revisions"}],"predecessor-version":[{"id":10971,"href":"https:\/\/fontedearte.com\/loja\/wp-json\/wp\/v2\/product\/7462\/revisions\/10971"}],"wp:featuredmedia":[{"embeddable":true,"href":"https:\/\/fontedearte.com\/loja\/wp-json\/wp\/v2\/media\/7464"}],"wp:attachment":[{"href":"https:\/\/fontedearte.com\/loja\/wp-json\/wp\/v2\/media?parent=7462"}],"wp:term":[{"taxonomy":"product_brand","embeddable":true,"href":"https:\/\/fontedearte.com\/loja\/wp-json\/wp\/v2\/product_brand?post=7462"},{"taxonomy":"product_cat","embeddable":true,"href":"https:\/\/fontedearte.com\/loja\/wp-json\/wp\/v2\/product_cat?post=7462"},{"taxonomy":"product_tag","embeddable":true,"href":"https:\/\/fontedearte.com\/loja\/wp-json\/wp\/v2\/product_tag?post=7462"}],"curies":[{"name":"wp","href":"https:\/\/api.w.org\/{rel}","templated":true}]}}