{"id":11250,"date":"2025-05-22T15:57:59","date_gmt":"2025-05-22T18:57:59","guid":{"rendered":"https:\/\/fontedearte.com\/loja\/?post_type=product&#038;p=11250"},"modified":"2025-12-22T15:37:27","modified_gmt":"2025-12-22T18:37:27","slug":"mega-drive-desenhos-e-atividades-kids","status":"publish","type":"product","link":"https:\/\/fontedearte.com\/loja\/product\/mega-drive-desenhos-e-atividades-kids\/","title":{"rendered":"Mega Drive 5000+ Desenhos e Atividades Para Alfabetiza\u00e7\u00e3o Infantil PDF"},"content":{"rendered":"<p><strong>Mega Drive com mais de 5000 p\u00e1ginas imprim\u00edveis<\/strong>. Os desenhos mais queridinhos das crian\u00e7as e atividades para alfabetiza\u00e7\u00e3o infantil.<\/p>\n<h2>Confira alguns temas do drive<\/h2>\n<p>Divertida Mente 2, Lilo e Stitch, Princesas Disney, Bob Esponja, Barbie, Peppa Pig, Dinossauros, Gatinhos Fofinhos, Gabby\u2019s Dollhouse, Mickey e Minnie, Minions, Moana, Rio 2, Lol Surprise, Romero Britto, Animais da Fazenda, Unic\u00f3rnios Fofos, Nemo, Ursinhos Carinhosos, Ursinho Puff, Garfield, Hello Kitty, Moranguinho, Sereias, Homem Aranha, Patrulha Canina, Super Mario, Toy Story, Pok\u00e9mom, Animais do Safari, Carro McQueen Disney, Tom e Jerry, Rei Le\u00e3o, Sonic, Scooby Doo, Ve\u00edculos e Animais Marinhos, Carros de Corrida Antigos, Desenhos Ligue os Pontos, Monsters Inc, Her\u00f3is Diversos, Her\u00f3is e Personagens Animes em Miniaturas, Minecraft, Roblox, Kawaii Fofos, Alfabeto Floral, Pascoa, Natal, Anivers\u00e1rio, Sugar Skulls, Frutas, Doces, Flores, +Desenhos Disney, Bobbie Goods, Labubu e muito mais&#8230;<\/p>\n<h3>B\u00f4nus para voc\u00ea<\/h3>\n<ul>\n<li>Atividades para alfabetiza\u00e7\u00e3o infantil<\/li>\n<li>Acesso vital\u00edcio (para sempre)<\/li>\n<li>Acesso as atualiza\u00e7\u00f5es do drive<\/li>\n<\/ul>\n<h3>O que voc\u00ea ir\u00e1 receber<\/h3>\n<ul>\n<li>Link de acesso a pasta do Google Drive<\/li>\n<li>+De 5.000 (somado com o b\u00f4nus) p\u00e1ginas em PDFs<\/li>\n<li>Organizados e separados por temas\/nomes<\/li>\n<li>Todos os arquivos prontos para imprimir em folha A4<\/li>\n<li>Licen\u00e7a para uso pessoal e educativo<\/li>\n<\/ul>\n<h2>Vantagens dos desenhos para colorir infantil<\/h2>\n<ul>\n<li>Acesso imediato logo ap\u00f3s a confirma\u00e7\u00e3o do pagamento<\/li>\n<li>Download f\u00e1cil e ilimitado<\/li>\n<li>Imagens em alta resolu\u00e7\u00e3o melhoradas com IA<\/li>\n<li>PDF sem marca d&#8217;\u00e1gua nas imagens<\/li>\n<li>Impress\u00e3o nos formatos A4 ou A5<\/li>\n<li>Pode imprimir para revenda em loja f\u00edsica<\/li>\n<li>Perfeito para professores, pais e amantes da arte<\/li>\n<\/ul>\n<p>\ud83d\udccc Ap\u00f3s a confirma\u00e7\u00e3o do pagamento, poder\u00e1 baixar seu PDF no <a href=\"https:\/\/fontedearte.com\/loja\/minha-conta\/downloads\/\" target=\"_blank\" rel=\"noopener\">Painel do Cliente<\/a>. Tamb\u00e9m enviaremos uma c\u00f3pia no seu e-mail.<\/p>\n<h2>Benef\u00edcios para as crian\u00e7as<\/h2>\n<ul>\n<li>Atividade divertida, criativa e relaxante<\/li>\n<li>Melhora a coordena\u00e7\u00e3o motora fina<\/li>\n<li>Reduz o tempo na frente de telas<\/li>\n<li>Promove momentos de lazer e v\u00ednculo familiar<\/li>\n<li>Apoia no desenvolvimento cognitivo e emocional<\/li>\n<li>Reduz estresse e ansiedade (colorir \u00e9 terap\u00eautico!)<\/li>\n<li>Ideal para projetos escolares, terapias e tempo livre<\/li>\n<\/ul>\n<p>Certamente voc\u00ea ir\u00e1 gostar dos nossos desenhos para imprimir PDF e colorir. \ud83d\ude00<\/p>\n","protected":false},"excerpt":{"rendered":"<p>Leia os <strong>&#8220;Detalhes do produto&#8221;<\/strong> <em>logo abaixo<\/em> para obter mais informa\u00e7\u00f5es. <strong>Mega Drive com +5000<\/strong> desenhos para colorir e atividades para alfabetiza\u00e7\u00e3o infantil &#8211; imprimir PDF. As atividades mais queridinhas das crian\u00e7as. \ud83d\ude3b<\/p>\n[embed]https:\/\/youtu.be\/NbToF8N9kWI[\/embed]\n","protected":false},"featured_media":11256,"comment_status":"closed","ping_status":"closed","template":"","meta":{"_monsterinsights_skip_tracking":false,"_monsterinsights_sitenote_active":false,"_monsterinsights_sitenote_note":"","_monsterinsights_sitenote_category":0},"product_brand":[],"product_cat":[15,326],"product_tag":[287,95,96],"class_list":{"0":"post-11250","1":"product","2":"type-product","3":"status-publish","4":"has-post-thumbnail","6":"product_cat-desenhos-colorir","7":"product_cat-pacotes","8":"product_tag-1000-desenhos-para-colorir","9":"product_tag-desenhos-para-colorir","10":"product_tag-desenhos-para-imprimir-pdf","12":"first","13":"instock","14":"sale","15":"downloadable","16":"virtual","17":"purchasable","18":"product-type-simple"},"aioseo_notices":[],"_links":{"self":[{"href":"https:\/\/fontedearte.com\/loja\/wp-json\/wp\/v2\/product\/11250","targetHints":{"allow":["GET"]}}],"collection":[{"href":"https:\/\/fontedearte.com\/loja\/wp-json\/wp\/v2\/product"}],"about":[{"href":"https:\/\/fontedearte.com\/loja\/wp-json\/wp\/v2\/types\/product"}],"replies":[{"embeddable":true,"href":"https:\/\/fontedearte.com\/loja\/wp-json\/wp\/v2\/comments?post=11250"}],"version-history":[{"count":14,"href":"https:\/\/fontedearte.com\/loja\/wp-json\/wp\/v2\/product\/11250\/revisions"}],"predecessor-version":[{"id":11670,"href":"https:\/\/fontedearte.com\/loja\/wp-json\/wp\/v2\/product\/11250\/revisions\/11670"}],"wp:featuredmedia":[{"embeddable":true,"href":"https:\/\/fontedearte.com\/loja\/wp-json\/wp\/v2\/media\/11256"}],"wp:attachment":[{"href":"https:\/\/fontedearte.com\/loja\/wp-json\/wp\/v2\/media?parent=11250"}],"wp:term":[{"taxonomy":"product_brand","embeddable":true,"href":"https:\/\/fontedearte.com\/loja\/wp-json\/wp\/v2\/product_brand?post=11250"},{"taxonomy":"product_cat","embeddable":true,"href":"https:\/\/fontedearte.com\/loja\/wp-json\/wp\/v2\/product_cat?post=11250"},{"taxonomy":"product_tag","embeddable":true,"href":"https:\/\/fontedearte.com\/loja\/wp-json\/wp\/v2\/product_tag?post=11250"}],"curies":[{"name":"wp","href":"https:\/\/api.w.org\/{rel}","templated":true}]}}