{"id":10106,"date":"2024-10-24T16:51:10","date_gmt":"2024-10-24T19:51:10","guid":{"rendered":"https:\/\/fontedearte.com\/loja\/?post_type=product&#038;p=10106"},"modified":"2026-01-15T07:47:05","modified_gmt":"2026-01-15T10:47:05","slug":"365-desenhos-para-colorir-infantil-menina","status":"publish","type":"product","link":"https:\/\/fontedearte.com\/loja\/product\/365-desenhos-para-colorir-infantil-menina\/","title":{"rendered":"365 Desenhos Para Colorir Infantil Menina PDF +B\u00f4nus"},"content":{"rendered":"<h2>365 Desenhos infantil para meninas colorir &#8211; imprimir PDF<\/h2>\n<p>Livro de desenhos para colorir PDF com <strong>365 p\u00e1ginas +118 de b\u00f4nus<\/strong>, imagens em alta resolu\u00e7\u00e3o para voc\u00ea fazer download e imprimir.<\/p>\n<h3>Total de 483 desenhos para colorir mais queridinhos pelas meninas:<\/h3>\n<ul>\n<li>30 Desenhos Barbie<\/li>\n<li>70 Desenhos Princesas Disney<\/li>\n<li>80 Desenhos Boneca Lol<\/li>\n<li>62 Desenhos Divertida Mente 2<\/li>\n<li>40 Desenhos Unic\u00f3rnios Fofinhos<\/li>\n<li>50 Desenhos Mickey e Minnie<\/li>\n<li>32 Desenhos Lili e Stitch<\/li>\n<li>50 Desenhos Moranguinho, B\u00f4nus 1<\/li>\n<li>34 Desenhos Gabby\u2019s Dollhouse, B\u00f4nus 2<\/li>\n<li>35 Desenhos Hello Kitty, B\u00f4nus 3<\/li>\n<\/ul>\n<h2>Vantagens dos desenhos para colorir infantil e adulto:<\/h2>\n<ul>\n<li>Acesso imediato logo ap\u00f3s a confirma\u00e7\u00e3o do pagamento<\/li>\n<li>Download f\u00e1cil e ilimitado por 12 meses<\/li>\n<li>Imagens em alta resolu\u00e7\u00e3o melhoradas com IA<\/li>\n<li>PDF sem marca d&#8217;\u00e1gua nas imagens<\/li>\n<li>Impress\u00e3o nos formatos A4 ou A5<\/li>\n<li>Pode imprimir para revenda em loja f\u00edsica<\/li>\n<li>Perfeito para professores, pais e amantes da arte<\/li>\n<li>Atualiza\u00e7\u00f5es constantes com novos desenhos exclusivos<\/li>\n<li>B\u00f4nus ao comprar mais desenhos e deixar sua avalia\u00e7\u00e3o<\/li>\n<\/ul>\n<p>Ap\u00f3s a confirma\u00e7\u00e3o do pagamento, poder\u00e1 baixar seu PDF no <a href=\"https:\/\/fontedearte.com\/loja\/minha-conta\/downloads\/\" target=\"_blank\" rel=\"noopener\">Painel do Cliente<\/a>. Tamb\u00e9m enviaremos uma c\u00f3pia no seu e-mail.<\/p>\n<h2>Desenhos para colorir e pintar PDF<\/h2>\n<p>Se voc\u00ea est\u00e1 em busca dos melhores <strong>desenhos para colorir<\/strong>, acaba de encontrar o lugar certo! Aqui, voc\u00ea encontra uma sele\u00e7\u00e3o exclusiva de ilustra\u00e7\u00f5es detalhadas e criativas, prontas para imprimir e soltar a imagina\u00e7\u00e3o. Seja para crian\u00e7as explorarem suas habilidades motoras ou para adultos relaxarem com a arte da colora\u00e7\u00e3o, nossos desenhos s\u00e3o ideais para qualquer momento.<\/p>\n<p>Aqui em nossa Loja de <strong>PDF para colorir<\/strong> temos uma vasta gama de temas dispon\u00edveis, h\u00e1 desenhos para todos os gostos. Portanto, n\u00e3o importa a sua idade ou interesse, pegar alguns l\u00e1pis de cor e come\u00e7ar a colorir pode ser uma excelente maneira de <a href=\"https:\/\/www.youtube.com\/@fontedearte?sub_confirmation=1\" target=\"_blank\" rel=\"noopener\">expressar sua criatividade<\/a> e encontrar um momento de divers\u00e3o de forma simples e relaxante.<\/p>\n<p>Certamente voc\u00ea ir\u00e1 gostar dos nossos desenhos para imprimir PDF e colorir. \ud83d\ude00<\/p>\n","protected":false},"excerpt":{"rendered":"<p>365 Desenhos infantil para meninas colorir &#8211; imprimir PDF Livro de desenhos para colorir PDF com 365 p\u00e1ginas +118 de b\u00f4nus, imagens em alta resolu\u00e7\u00e3o para voc\u00ea fazer download e imprimir. Total de 483 desenhos para colorir mais queridinhos pelas meninas: 30 Desenhos Barbie 70 Desenhos Princesas Disney 80 Desenhos Boneca Lol 62 Desenhos Divertida [&hellip;]<\/p>\n","protected":false},"featured_media":10113,"comment_status":"closed","ping_status":"closed","template":"","meta":{"_monsterinsights_skip_tracking":false,"_monsterinsights_sitenote_active":false,"_monsterinsights_sitenote_note":"","_monsterinsights_sitenote_category":0},"product_brand":[],"product_cat":[15,326],"product_tag":[95,273,96,272],"class_list":{"0":"post-10106","1":"product","2":"type-product","3":"status-publish","4":"has-post-thumbnail","6":"product_cat-desenhos-colorir","7":"product_cat-pacotes","8":"product_tag-desenhos-para-colorir","9":"product_tag-desenhos-para-colorir-menina","10":"product_tag-desenhos-para-imprimir-pdf","11":"product_tag-desenhos-para-menina","13":"first","14":"instock","15":"sale","16":"downloadable","17":"virtual","18":"purchasable","19":"product-type-simple"},"aioseo_notices":[],"_links":{"self":[{"href":"https:\/\/fontedearte.com\/loja\/wp-json\/wp\/v2\/product\/10106","targetHints":{"allow":["GET"]}}],"collection":[{"href":"https:\/\/fontedearte.com\/loja\/wp-json\/wp\/v2\/product"}],"about":[{"href":"https:\/\/fontedearte.com\/loja\/wp-json\/wp\/v2\/types\/product"}],"replies":[{"embeddable":true,"href":"https:\/\/fontedearte.com\/loja\/wp-json\/wp\/v2\/comments?post=10106"}],"version-history":[{"count":13,"href":"https:\/\/fontedearte.com\/loja\/wp-json\/wp\/v2\/product\/10106\/revisions"}],"predecessor-version":[{"id":11720,"href":"https:\/\/fontedearte.com\/loja\/wp-json\/wp\/v2\/product\/10106\/revisions\/11720"}],"wp:featuredmedia":[{"embeddable":true,"href":"https:\/\/fontedearte.com\/loja\/wp-json\/wp\/v2\/media\/10113"}],"wp:attachment":[{"href":"https:\/\/fontedearte.com\/loja\/wp-json\/wp\/v2\/media?parent=10106"}],"wp:term":[{"taxonomy":"product_brand","embeddable":true,"href":"https:\/\/fontedearte.com\/loja\/wp-json\/wp\/v2\/product_brand?post=10106"},{"taxonomy":"product_cat","embeddable":true,"href":"https:\/\/fontedearte.com\/loja\/wp-json\/wp\/v2\/product_cat?post=10106"},{"taxonomy":"product_tag","embeddable":true,"href":"https:\/\/fontedearte.com\/loja\/wp-json\/wp\/v2\/product_tag?post=10106"}],"curies":[{"name":"wp","href":"https:\/\/api.w.org\/{rel}","templated":true}]}}