{"id":4438,"date":"2025-08-30T11:09:12","date_gmt":"2025-08-30T14:09:12","guid":{"rendered":"https:\/\/fontedearte.com\/ead\/?page_id=4438"},"modified":"2025-09-10T16:30:59","modified_gmt":"2025-09-10T19:30:59","slug":"faq","status":"publish","type":"page","link":"https:\/\/fontedearte.com\/ead\/faq\/","title":{"rendered":"Perguntas frequentes"},"content":{"rendered":"\t\t<div data-elementor-type=\"wp-page\" data-elementor-id=\"4438\" class=\"elementor elementor-4438\">\n\t\t\t\t<div class=\"elementor-element elementor-element-8ae97ee e-flex e-con-boxed e-con e-parent\" data-id=\"8ae97ee\" data-element_type=\"container\" data-e-type=\"container\">\n\t\t\t\t\t<div class=\"e-con-inner\">\n\t\t\t\t<div class=\"elementor-element elementor-element-9ea30d4 elementor-widget elementor-widget-heading\" data-id=\"9ea30d4\" data-element_type=\"widget\" data-e-type=\"widget\" data-widget_type=\"heading.default\">\n\t\t\t\t\t<h2 class=\"elementor-heading-title elementor-size-default\">Tutoriais passo a passo<\/h2>\t\t\t\t<\/div>\n\t\t\t\t<div class=\"elementor-element elementor-element-f301dbe elementor-widget elementor-widget-text-editor\" data-id=\"f301dbe\" data-element_type=\"widget\" data-e-type=\"widget\" data-widget_type=\"text-editor.default\">\n\t\t\t\t\t\t\t\t\t<p>Aprenda COMO ACESSAR o curso comprado e <strong>visualizar as aulas pelo computador<\/strong>. <span style=\"text-decoration: underline;\">Aperte o PLAY<\/span>.<\/p>\t\t\t\t\t\t\t\t<\/div>\n\t\t\t\t<div class=\"elementor-element elementor-element-61176a0 elementor-widget elementor-widget-video\" data-id=\"61176a0\" data-element_type=\"widget\" data-e-type=\"widget\" data-settings=\"{&quot;youtube_url&quot;:&quot;https:\\\/\\\/youtu.be\\\/CGdM9C6uQrQ&quot;,&quot;loop&quot;:&quot;yes&quot;,&quot;video_type&quot;:&quot;youtube&quot;,&quot;controls&quot;:&quot;yes&quot;}\" data-widget_type=\"video.default\">\n\t\t\t\t\t\t\t<div class=\"elementor-wrapper elementor-open-inline\">\n\t\t\t<div class=\"elementor-video\"><\/div>\t\t<\/div>\n\t\t\t\t\t\t<\/div>\n\t\t\t\t<div class=\"elementor-element elementor-element-b404632 elementor-widget elementor-widget-menu-anchor\" data-id=\"b404632\" data-element_type=\"widget\" data-e-type=\"widget\" data-widget_type=\"menu-anchor.default\">\n\t\t\t\t\t\t\t<div class=\"elementor-menu-anchor\" id=\"perguntas-frequentes\"><\/div>\n\t\t\t\t\t\t<\/div>\n\t\t\t\t<div class=\"elementor-element elementor-element-99f7c6c elementor-widget elementor-widget-heading\" data-id=\"99f7c6c\" data-element_type=\"widget\" data-e-type=\"widget\" data-widget_type=\"heading.default\">\n\t\t\t\t\t<h2 class=\"elementor-heading-title elementor-size-default\">Perguntas Frequentes (FAQ)<\/h2>\t\t\t\t<\/div>\n\t\t\t\t<div class=\"elementor-element elementor-element-62464eb elementor-widget elementor-widget-text-editor\" data-id=\"62464eb\" data-element_type=\"widget\" data-e-type=\"widget\" data-widget_type=\"text-editor.default\">\n\t\t\t\t\t\t\t\t\t<h4>1. Como fa\u00e7o para me inscrever em um curso?<\/h4><p>Basta escolher o curso desejado, clicar no curso e ler as informa\u00e7\u00f5es para obter todos os detalhes, depois em \u201cAdicionar ao carrinho\u201d e seguir as instru\u00e7\u00f5es de pagamento. Ap\u00f3s a confirma\u00e7\u00e3o, voc\u00ea ter\u00e1 acesso imediato \u00e0 \u00e1rea do aluno. Receber\u00e1 tamb\u00e9m uma c\u00f3pia da sua compra no seu email.<\/p><h4>2. Os cursos s\u00e3o ao vivo ou gravados?<\/h4><p>Nossos cursos s\u00e3o <strong>100% online e gravados<\/strong>, para que voc\u00ea possa assistir quando e onde quiser, no seu ritmo. Alguns cursos podem incluir b\u00f4nus, como lives ou encontros exclusivos &#8211; leia com aten\u00e7\u00e3o os informa\u00e7\u00f5es de cada curso.<\/p><h4>3. Por quanto tempo terei acesso ao curso?<\/h4><p>O acesso \u00e9 vital\u00edcio para cursos avulsos. J\u00e1 os planos de assinatura d\u00e3o acesso enquanto a assinatura estiver ativa.<\/p><h4>4. Posso acessar pelo celular, tablet, computador ou TV?<\/h4><p>Sim! A plataforma \u00e9 responsiva e funciona em qualquer dispositivo com internet: computador, celular ou tablet.<\/p><h4>5. Recebo certificado de conclus\u00e3o?<\/h4><p>Sim. Ao concluir todas as aulas e atividades do curso, voc\u00ea poder\u00e1 emitir um <strong>certificado digital<\/strong> com seu nome e carga hor\u00e1ria.<\/p><h4>6. Posso cancelar minha compra?<\/h4><p>Sim. De acordo com o C\u00f3digo de Defesa do Consumidor, voc\u00ea pode solicitar o cancelamento em at\u00e9 <strong>7 dias ap\u00f3s a compra<\/strong>. Nesse caso, o reembolso \u00e9 integral.<\/p><h4>7. Como funciona a assinatura?<\/h4><p>Com a assinatura, voc\u00ea tem acesso a todos os cursos dispon\u00edveis na plataforma (exceto cursos premium, quando indicado). A cobran\u00e7a \u00e9 recorrente (mensal ou anual), at\u00e9 que voc\u00ea solicite o cancelamento.<\/p><h4>8. Quais formas de pagamento s\u00e3o aceitas?<\/h4><p>Aceitamos cart\u00e3o de cr\u00e9dito, Pix e boleto &#8211; pagamento seguro pelo Mercado Pago e Stripe. Outras formas podem ser disponibilizadas futuramente.<\/p><h4>9. Posso compartilhar minha conta com outra pessoa?<\/h4><p>N\u00e3o. O acesso \u00e9 <strong>pessoal e intransfer\u00edvel<\/strong>. Contas compartilhadas podem ser suspensas.<\/p><h4>10. Preciso ter experi\u00eancia em arte para come\u00e7ar?<\/h4><p>N\u00e3o! Nossos cursos foram desenvolvidos para iniciantes e apaixonados pela arte. O mais importante \u00e9 a vontade de aprender e experimentar.<\/p><p>Mais d\u00favidas, entre em contato <a href=\"https:\/\/fontedearte.com\/ead\/contato\/\" target=\"_blank\" rel=\"noopener\"><span style=\"text-decoration: underline;\">clicando aqui.<\/span><\/a><\/p>\t\t\t\t\t\t\t\t<\/div>\n\t\t\t\t\t<\/div>\n\t\t\t\t<\/div>\n\t\t\t\t<\/div>\n\t\t","protected":false},"excerpt":{"rendered":"<p>Tutoriais passo a passo Aprenda COMO ACESSAR o curso comprado e visualizar as aulas pelo computador. Aperte o PLAY. https:\/\/youtu.be\/CGdM9C6uQrQ<\/p>\n","protected":false},"author":1,"featured_media":0,"parent":0,"menu_order":0,"comment_status":"closed","ping_status":"closed","template":"","meta":{"_tutorstarter_page_metadata":[],"footnotes":""},"class_list":["post-4438","page","type-page","status-publish","hentry"],"_links":{"self":[{"href":"https:\/\/fontedearte.com\/ead\/wp-json\/wp\/v2\/pages\/4438","targetHints":{"allow":["GET"]}}],"collection":[{"href":"https:\/\/fontedearte.com\/ead\/wp-json\/wp\/v2\/pages"}],"about":[{"href":"https:\/\/fontedearte.com\/ead\/wp-json\/wp\/v2\/types\/page"}],"author":[{"embeddable":true,"href":"https:\/\/fontedearte.com\/ead\/wp-json\/wp\/v2\/users\/1"}],"replies":[{"embeddable":true,"href":"https:\/\/fontedearte.com\/ead\/wp-json\/wp\/v2\/comments?post=4438"}],"version-history":[{"count":34,"href":"https:\/\/fontedearte.com\/ead\/wp-json\/wp\/v2\/pages\/4438\/revisions"}],"predecessor-version":[{"id":4672,"href":"https:\/\/fontedearte.com\/ead\/wp-json\/wp\/v2\/pages\/4438\/revisions\/4672"}],"wp:attachment":[{"href":"https:\/\/fontedearte.com\/ead\/wp-json\/wp\/v2\/media?parent=4438"}],"curies":[{"name":"wp","href":"https:\/\/api.w.org\/{rel}","templated":true}]}}